{"id":303,"date":"2023-07-04T16:08:42","date_gmt":"2023-07-04T16:08:42","guid":{"rendered":"http:\/\/192.168.1.174\/?page_id=303"},"modified":"2024-05-19T00:17:58","modified_gmt":"2024-05-19T00:17:58","slug":"servicios-de-obra-civil-y-arquitectonica","status":"publish","type":"page","link":"https:\/\/ingenieriasostenible.co\/index.php\/servicios-de-obra-civil-y-arquitectonica\/","title":{"rendered":"Servicios de Obra Civil y Arquitect\u00f3nica"},"content":{"rendered":"\t\t<div data-elementor-type=\"wp-page\" data-elementor-id=\"303\" class=\"elementor elementor-303\" data-elementor-post-type=\"page\">\n\t\t\t\t\t\t<section class=\"elementor-section elementor-top-section elementor-element elementor-element-3e15b3d elementor-section-height-min-height elementor-section-boxed elementor-section-height-default elementor-section-items-middle\" data-id=\"3e15b3d\" data-element_type=\"section\" data-e-type=\"section\" data-settings=\"{&quot;background_background&quot;:&quot;gradient&quot;,&quot;shape_divider_bottom&quot;:&quot;waves&quot;}\">\n\t\t\t\t\t\t\t<div class=\"elementor-background-overlay\"><\/div>\n\t\t\t\t\t\t<div class=\"elementor-shape elementor-shape-bottom\" aria-hidden=\"true\" data-negative=\"false\">\n\t\t\t<svg xmlns=\"http:\/\/www.w3.org\/2000\/svg\" viewBox=\"0 0 1000 100\" preserveAspectRatio=\"none\">\n\t<path class=\"elementor-shape-fill\" d=\"M421.9,6.5c22.6-2.5,51.5,0.4,75.5,5.3c23.6,4.9,70.9,23.5,100.5,35.7c75.8,32.2,133.7,44.5,192.6,49.7\n\tc23.6,2.1,48.7,3.5,103.4-2.5c54.7-6,106.2-25.6,106.2-25.6V0H0v30.3c0,0,72,32.6,158.4,30.5c39.2-0.7,92.8-6.7,134-22.4\n\tc21.2-8.1,52.2-18.2,79.7-24.2C399.3,7.9,411.6,7.5,421.9,6.5z\"\/>\n<\/svg>\t\t<\/div>\n\t\t\t\t\t<div class=\"elementor-container elementor-column-gap-default\">\n\t\t\t\t\t<div class=\"elementor-column elementor-col-100 elementor-top-column elementor-element elementor-element-89c7a6a\" data-id=\"89c7a6a\" data-element_type=\"column\" data-e-type=\"column\">\n\t\t\t<div class=\"elementor-widget-wrap elementor-element-populated\">\n\t\t\t\t\t\t<div class=\"elementor-element elementor-element-7262d98 elementor-widget elementor-widget-heading\" data-id=\"7262d98\" data-element_type=\"widget\" data-e-type=\"widget\" data-widget_type=\"heading.default\">\n\t\t\t\t\t<h1 class=\"elementor-heading-title elementor-size-default\">Servicios de Obra Civil y Arquitect\u00f3nica<\/h1>\t\t\t\t<\/div>\n\t\t\t\t<div class=\"elementor-element elementor-element-2538c47 elementor-widget elementor-widget-heading\" data-id=\"2538c47\" data-element_type=\"widget\" data-e-type=\"widget\" data-widget_type=\"heading.default\">\n\t\t\t\t\t<h3 class=\"elementor-heading-title elementor-size-default\">Proporcionamos a nuestros clientes una asesor\u00eda, dise\u00f1o y construcci\u00f3n a la medida de sus proyectos<\/h3>\t\t\t\t<\/div>\n\t\t\t\t\t<\/div>\n\t\t<\/div>\n\t\t\t\t\t<\/div>\n\t\t<\/section>\n\t\t\t\t<section class=\"elementor-section elementor-top-section elementor-element elementor-element-df23e32 elementor-section-boxed elementor-section-height-default elementor-section-height-default\" data-id=\"df23e32\" data-element_type=\"section\" data-e-type=\"section\">\n\t\t\t\t\t\t<div class=\"elementor-container elementor-column-gap-default\">\n\t\t\t\t\t<div class=\"elementor-column elementor-col-100 elementor-top-column elementor-element elementor-element-c79bef2\" data-id=\"c79bef2\" data-element_type=\"column\" data-e-type=\"column\">\n\t\t\t<div class=\"elementor-widget-wrap elementor-element-populated\">\n\t\t\t\t<div class=\"elementor-element elementor-element-df93830 e-flex e-con-boxed e-con e-parent\" data-id=\"df93830\" data-element_type=\"container\" data-e-type=\"container\">\n\t\t\t\t\t<div class=\"e-con-inner\">\n\t\t<div class=\"elementor-element elementor-element-aedf5cf e-con-full e-flex e-con e-child\" data-id=\"aedf5cf\" data-element_type=\"container\" data-e-type=\"container\">\n\t\t\t\t<div class=\"elementor-element elementor-element-0f5bc8f elementor-widget elementor-widget-heading\" data-id=\"0f5bc8f\" data-element_type=\"widget\" data-e-type=\"widget\" data-widget_type=\"heading.default\">\n\t\t\t\t\t<h2 class=\"elementor-heading-title elementor-size-default\">Montaje y reparaci\u00f3n de estructuras met\u00e1licas<\/h2>\t\t\t\t<\/div>\n\t\t\t\t<div class=\"elementor-element elementor-element-c73f7ec elementor-widget elementor-widget-text-editor\" data-id=\"c73f7ec\" data-element_type=\"widget\" data-e-type=\"widget\" data-widget_type=\"text-editor.default\">\n\t\t\t\t\t\t\t\t\t<p>En el proceso de montaje de estructuras nuestro equipo de profesionales altamente capacitados se encarga de realizar las labores de ensamblaje, fijaci\u00f3n y soldadura de las estructuras met\u00e1licas de acuerdo con los planos y las especificaciones t\u00e9cnicas. Adem\u00e1s, nos aseguramos de que se sigan los est\u00e1ndares de seguridad en todo momento para garantizar la integridad de los trabajadores y la calidad de la instalaci\u00f3n. Adem\u00e1s del montaje, tambi\u00e9n brindamos servicios de reparaci\u00f3n y mantenimiento de estructuras met\u00e1licas en donde nuestro equipo t\u00e9cnico eval\u00faa y diagnostica el estado de la estructura met\u00e1lica, identificando cualquier da\u00f1o, corrosi\u00f3n u otro problema. A partir de ello, dise\u00f1amos e implementamos soluciones adecuadas para restaurar la estructura a su condici\u00f3n \u00f3ptima, esto puede incluir reemplazo de elementos da\u00f1ados, refuerzo estructural, reparaci\u00f3n de soldaduras y aplicaci\u00f3n de tratamientos anticorrosi\u00f3n.<\/p>\t\t\t\t\t\t\t\t<\/div>\n\t\t\t\t<\/div>\n\t\t<div class=\"elementor-element elementor-element-a06f24d e-con-full e-flex e-con e-child\" data-id=\"a06f24d\" data-element_type=\"container\" data-e-type=\"container\">\n\t\t\t\t<div class=\"elementor-element elementor-element-3b0e26b elementor-widget__width-initial elementor-widget elementor-widget-image\" data-id=\"3b0e26b\" data-element_type=\"widget\" data-e-type=\"widget\" data-widget_type=\"image.default\">\n\t\t\t\t\t\t\t\t\t\t\t\t\t\t\t<img fetchpriority=\"high\" decoding=\"async\" width=\"1280\" height=\"960\" src=\"https:\/\/ingenieriasostenible.co\/wp-content\/uploads\/2023\/07\/O2.jpg\" class=\"attachment-full size-full wp-image-820\" alt=\"\" srcset=\"https:\/\/ingenieriasostenible.co\/wp-content\/uploads\/2023\/07\/O2.jpg 1280w, https:\/\/ingenieriasostenible.co\/wp-content\/uploads\/2023\/07\/O2-300x225.jpg 300w, https:\/\/ingenieriasostenible.co\/wp-content\/uploads\/2023\/07\/O2-1024x768.jpg 1024w, https:\/\/ingenieriasostenible.co\/wp-content\/uploads\/2023\/07\/O2-768x576.jpg 768w\" sizes=\"(max-width: 1280px) 100vw, 1280px\" \/>\t\t\t\t\t\t\t\t\t\t\t\t\t\t\t<\/div>\n\t\t\t\t<div class=\"elementor-element elementor-element-1cf2ef3 elementor-widget__width-initial elementor-widget elementor-widget-image\" data-id=\"1cf2ef3\" data-element_type=\"widget\" data-e-type=\"widget\" data-widget_type=\"image.default\">\n\t\t\t\t\t\t\t\t\t\t\t\t\t\t\t<img decoding=\"async\" width=\"1600\" height=\"1200\" src=\"https:\/\/ingenieriasostenible.co\/wp-content\/uploads\/2024\/05\/Imagen-de-WhatsApp-2024-04-01-a-las-19.55.04_60174246.jpg\" class=\"attachment-full size-full wp-image-1282\" alt=\"\" srcset=\"https:\/\/ingenieriasostenible.co\/wp-content\/uploads\/2024\/05\/Imagen-de-WhatsApp-2024-04-01-a-las-19.55.04_60174246.jpg 1600w, https:\/\/ingenieriasostenible.co\/wp-content\/uploads\/2024\/05\/Imagen-de-WhatsApp-2024-04-01-a-las-19.55.04_60174246-300x225.jpg 300w, https:\/\/ingenieriasostenible.co\/wp-content\/uploads\/2024\/05\/Imagen-de-WhatsApp-2024-04-01-a-las-19.55.04_60174246-1024x768.jpg 1024w, https:\/\/ingenieriasostenible.co\/wp-content\/uploads\/2024\/05\/Imagen-de-WhatsApp-2024-04-01-a-las-19.55.04_60174246-768x576.jpg 768w, https:\/\/ingenieriasostenible.co\/wp-content\/uploads\/2024\/05\/Imagen-de-WhatsApp-2024-04-01-a-las-19.55.04_60174246-1536x1152.jpg 1536w\" sizes=\"(max-width: 1600px) 100vw, 1600px\" \/>\t\t\t\t\t\t\t\t\t\t\t\t\t\t\t<\/div>\n\t\t\t\t<\/div>\n\t\t\t\t\t<\/div>\n\t\t\t\t<\/div>\n\t\t\t\t\t<\/div>\n\t\t<\/div>\n\t\t\t\t\t<\/div>\n\t\t<\/section>\n\t\t<div class=\"elementor-element elementor-element-6d45931 e-flex e-con-boxed e-con e-parent\" data-id=\"6d45931\" data-element_type=\"container\" data-e-type=\"container\">\n\t\t\t\t\t<div class=\"e-con-inner\">\n\t\t<div class=\"elementor-element elementor-element-b0ac888 e-con-full e-flex e-con e-child\" data-id=\"b0ac888\" data-element_type=\"container\" data-e-type=\"container\">\n\t\t\t\t<div class=\"elementor-element elementor-element-3b7f59c elementor-widget__width-initial elementor-widget elementor-widget-image\" data-id=\"3b7f59c\" data-element_type=\"widget\" data-e-type=\"widget\" data-widget_type=\"image.default\">\n\t\t\t\t\t\t\t\t\t\t\t\t\t\t\t<img decoding=\"async\" width=\"1920\" height=\"2560\" src=\"https:\/\/ingenieriasostenible.co\/wp-content\/uploads\/2023\/07\/O1-scaled.jpg\" class=\"attachment-full size-full wp-image-821\" alt=\"\" srcset=\"https:\/\/ingenieriasostenible.co\/wp-content\/uploads\/2023\/07\/O1-scaled.jpg 1920w, https:\/\/ingenieriasostenible.co\/wp-content\/uploads\/2023\/07\/O1-225x300.jpg 225w, https:\/\/ingenieriasostenible.co\/wp-content\/uploads\/2023\/07\/O1-768x1024.jpg 768w, https:\/\/ingenieriasostenible.co\/wp-content\/uploads\/2023\/07\/O1-1152x1536.jpg 1152w, https:\/\/ingenieriasostenible.co\/wp-content\/uploads\/2023\/07\/O1-1536x2048.jpg 1536w\" sizes=\"(max-width: 1920px) 100vw, 1920px\" \/>\t\t\t\t\t\t\t\t\t\t\t\t\t\t\t<\/div>\n\t\t\t\t<\/div>\n\t\t<div class=\"elementor-element elementor-element-90fdf43 e-con-full e-flex e-con e-child\" data-id=\"90fdf43\" data-element_type=\"container\" data-e-type=\"container\">\n\t\t\t\t<div class=\"elementor-element elementor-element-2d158d0 elementor-widget elementor-widget-heading\" data-id=\"2d158d0\" data-element_type=\"widget\" data-e-type=\"widget\" data-widget_type=\"heading.default\">\n\t\t\t\t\t<h2 class=\"elementor-heading-title elementor-size-default\">Construcci\u00f3n y remodelaci\u00f3n de obras menores en infraestructura el\u00e9ctrica, edificaciones industriales, comerciales y vivienda <\/h2>\t\t\t\t<\/div>\n\t\t\t\t<div class=\"elementor-element elementor-element-ce57f2e elementor-widget elementor-widget-text-editor\" data-id=\"ce57f2e\" data-element_type=\"widget\" data-e-type=\"widget\" data-widget_type=\"text-editor.default\">\n\t\t\t\t\t\t\t\t\t<p>Realizamos consultor\u00eda, asesoramiento, supervisi\u00f3n y ejecuci\u00f3n de obras de construcci\u00f3n de infraestructura para diversos usos finales, tales como residencial, comercial, industrial, institucional y recreativo. brindando soluciones integrales y adaptadas a las necesidades espec\u00edficas de cada proyecto. Trabajando en estrecha colaboraci\u00f3n con nuestros clientes, brind\u00e1ndoles un soporte completo y profesional a lo largo de todo el proceso de construcci\u00f3n.<\/p>\t\t\t\t\t\t\t\t<\/div>\n\t\t\t\t<\/div>\n\t\t\t\t\t<\/div>\n\t\t\t\t<\/div>\n\t\t<div class=\"elementor-element elementor-element-f0d1823 e-flex e-con-boxed e-con e-parent\" data-id=\"f0d1823\" data-element_type=\"container\" data-e-type=\"container\">\n\t\t\t\t\t<div class=\"e-con-inner\">\n\t\t\t\t<div class=\"elementor-element elementor-element-47bdb33 elementor-align-center elementor-widget elementor-widget-button\" data-id=\"47bdb33\" data-element_type=\"widget\" data-e-type=\"widget\" data-widget_type=\"button.default\">\n\t\t\t\t\t\t\t\t\t\t<a class=\"elementor-button elementor-button-link elementor-size-md\" href=\"https:\/\/ingenieriasostenible.co\/index.php\/servicios\/\">\n\t\t\t\t\t\t<span class=\"elementor-button-content-wrapper\">\n\t\t\t\t\t\t<span class=\"elementor-button-icon\">\n\t\t\t\t<svg aria-hidden=\"true\" class=\"e-font-icon-svg e-fas-arrow-right\" viewBox=\"0 0 448 512\" xmlns=\"http:\/\/www.w3.org\/2000\/svg\"><path d=\"M190.5 66.9l22.2-22.2c9.4-9.4 24.6-9.4 33.9 0L441 239c9.4 9.4 9.4 24.6 0 33.9L246.6 467.3c-9.4 9.4-24.6 9.4-33.9 0l-22.2-22.2c-9.5-9.5-9.3-25 .4-34.3L311.4 296H24c-13.3 0-24-10.7-24-24v-32c0-13.3 10.7-24 24-24h287.4L190.9 101.2c-9.8-9.3-10-24.8-.4-34.3z\"><\/path><\/svg>\t\t\t<\/span>\n\t\t\t\t\t\t\t\t\t<span class=\"elementor-button-text\">M\u00e1s Servicios<\/span>\n\t\t\t\t\t<\/span>\n\t\t\t\t\t<\/a>\n\t\t\t\t\t\t\t\t<\/div>\n\t\t\t\t<div class=\"elementor-element elementor-element-0c78d17 elementor-widget elementor-widget-text-editor\" data-id=\"0c78d17\" data-element_type=\"widget\" data-e-type=\"widget\" data-widget_type=\"text-editor.default\">\n\t\t\t\t\t\t\t\t\t<p>Bogot\u00e1 Medell\u00edn Cali Santa Marta\u00a0 C\u00facuta Bucaramanga Cali Tunja Cajic\u00e1 Cota Ibagu\u00e9 Neiba Huila Tolima Antioquia Cundinamarca Santander Bol\u00edvar Atl\u00e1ntico Barranquilla Colombia\u00a0<\/p>\t\t\t\t\t\t\t\t<\/div>\n\t\t\t\t\t<\/div>\n\t\t\t\t<\/div>\n\t\t\t\t<\/div>\n\t\t","protected":false},"excerpt":{"rendered":"<p>Servicios de Obra Civil y Arquitect\u00f3nica Proporcionamos a nuestros clientes una asesor\u00eda, dise\u00f1o y construcci\u00f3n a la medida de sus proyectos Montaje y reparaci\u00f3n de estructuras met\u00e1licas En el proceso de montaje de estructuras nuestro equipo de profesionales altamente capacitados se encarga de realizar las labores de ensamblaje, fijaci\u00f3n y soldadura de las estructuras met\u00e1licas [&hellip;]<\/p>\n","protected":false},"author":4,"featured_media":0,"parent":0,"menu_order":0,"comment_status":"closed","ping_status":"closed","template":"elementor_header_footer","meta":{"_joinchat":[],"footnotes":""},"class_list":["post-303","page","type-page","status-publish","hentry"],"_links":{"self":[{"href":"https:\/\/ingenieriasostenible.co\/index.php\/wp-json\/wp\/v2\/pages\/303","targetHints":{"allow":["GET"]}}],"collection":[{"href":"https:\/\/ingenieriasostenible.co\/index.php\/wp-json\/wp\/v2\/pages"}],"about":[{"href":"https:\/\/ingenieriasostenible.co\/index.php\/wp-json\/wp\/v2\/types\/page"}],"author":[{"embeddable":true,"href":"https:\/\/ingenieriasostenible.co\/index.php\/wp-json\/wp\/v2\/users\/4"}],"replies":[{"embeddable":true,"href":"https:\/\/ingenieriasostenible.co\/index.php\/wp-json\/wp\/v2\/comments?post=303"}],"version-history":[{"count":36,"href":"https:\/\/ingenieriasostenible.co\/index.php\/wp-json\/wp\/v2\/pages\/303\/revisions"}],"predecessor-version":[{"id":1285,"href":"https:\/\/ingenieriasostenible.co\/index.php\/wp-json\/wp\/v2\/pages\/303\/revisions\/1285"}],"wp:attachment":[{"href":"https:\/\/ingenieriasostenible.co\/index.php\/wp-json\/wp\/v2\/media?parent=303"}],"curies":[{"name":"wp","href":"https:\/\/api.w.org\/{rel}","templated":true}]}}