{"id":294,"date":"2023-07-04T15:47:10","date_gmt":"2023-07-04T15:47:10","guid":{"rendered":"http:\/\/192.168.1.174\/?page_id=294"},"modified":"2024-05-19T01:58:57","modified_gmt":"2024-05-19T01:58:57","slug":"servicios-civiles","status":"publish","type":"page","link":"https:\/\/ingenieriasostenible.co\/index.php\/servicios-civiles\/","title":{"rendered":"Servicios Civiles"},"content":{"rendered":"\t\t<div data-elementor-type=\"wp-page\" data-elementor-id=\"294\" class=\"elementor elementor-294\" data-elementor-post-type=\"page\">\n\t\t\t\t\t\t<section class=\"elementor-section elementor-top-section elementor-element elementor-element-5be6093 elementor-section-height-min-height elementor-section-boxed elementor-section-height-default elementor-section-items-middle\" data-id=\"5be6093\" data-element_type=\"section\" data-e-type=\"section\" data-settings=\"{&quot;background_background&quot;:&quot;gradient&quot;,&quot;shape_divider_bottom&quot;:&quot;waves&quot;}\">\n\t\t\t\t\t\t\t<div class=\"elementor-background-overlay\"><\/div>\n\t\t\t\t\t\t<div class=\"elementor-shape elementor-shape-bottom\" aria-hidden=\"true\" data-negative=\"false\">\n\t\t\t<svg xmlns=\"http:\/\/www.w3.org\/2000\/svg\" viewBox=\"0 0 1000 100\" preserveAspectRatio=\"none\">\n\t<path class=\"elementor-shape-fill\" d=\"M421.9,6.5c22.6-2.5,51.5,0.4,75.5,5.3c23.6,4.9,70.9,23.5,100.5,35.7c75.8,32.2,133.7,44.5,192.6,49.7\n\tc23.6,2.1,48.7,3.5,103.4-2.5c54.7-6,106.2-25.6,106.2-25.6V0H0v30.3c0,0,72,32.6,158.4,30.5c39.2-0.7,92.8-6.7,134-22.4\n\tc21.2-8.1,52.2-18.2,79.7-24.2C399.3,7.9,411.6,7.5,421.9,6.5z\"\/>\n<\/svg>\t\t<\/div>\n\t\t\t\t\t<div class=\"elementor-container elementor-column-gap-default\">\n\t\t\t\t\t<div class=\"elementor-column elementor-col-100 elementor-top-column elementor-element elementor-element-6f4da1e\" data-id=\"6f4da1e\" data-element_type=\"column\" data-e-type=\"column\">\n\t\t\t<div class=\"elementor-widget-wrap elementor-element-populated\">\n\t\t\t\t\t\t<div class=\"elementor-element elementor-element-09013c7 elementor-widget elementor-widget-heading\" data-id=\"09013c7\" data-element_type=\"widget\" data-e-type=\"widget\" data-widget_type=\"heading.default\">\n\t\t\t\t\t<h1 class=\"elementor-heading-title elementor-size-default\">Servicios Civiles<\/h1>\t\t\t\t<\/div>\n\t\t\t\t<div class=\"elementor-element elementor-element-aa413b7 elementor-widget elementor-widget-heading\" data-id=\"aa413b7\" data-element_type=\"widget\" data-e-type=\"widget\" data-widget_type=\"heading.default\">\n\t\t\t\t\t<h3 class=\"elementor-heading-title elementor-size-default\">Proporcionamos a nuestros clientes servicios especializados y asesor\u00eda, brindando alternativas para el desarrollo de soluciones en el \u00e1rea de ingenier\u00eda civil, desde la ingenier\u00eda b\u00e1sica hasta la puesta en servicio. Nuestro objetivo es garantizar que nuestros clientes obtengan soluciones eficientes y confiables.<\/h3>\t\t\t\t<\/div>\n\t\t\t\t\t<\/div>\n\t\t<\/div>\n\t\t\t\t\t<\/div>\n\t\t<\/section>\n\t\t<div class=\"elementor-element elementor-element-8c4b735 e-flex e-con-boxed e-con e-parent\" data-id=\"8c4b735\" data-element_type=\"container\" data-e-type=\"container\">\n\t\t\t\t\t<div class=\"e-con-inner\">\n\t\t<div class=\"elementor-element elementor-element-1cd8fa3 e-con-full e-flex e-con e-child\" data-id=\"1cd8fa3\" data-element_type=\"container\" data-e-type=\"container\">\n\t\t\t\t<div class=\"elementor-element elementor-element-f97484d elementor-widget elementor-widget-heading\" data-id=\"f97484d\" data-element_type=\"widget\" data-e-type=\"widget\" data-widget_type=\"heading.default\">\n\t\t\t\t\t<h2 class=\"elementor-heading-title elementor-size-default\">Dise\u00f1o de estructuras met\u00e1licas<\/h2>\t\t\t\t<\/div>\n\t\t\t\t<div class=\"elementor-element elementor-element-6bc38b1 elementor-widget elementor-widget-text-editor\" data-id=\"6bc38b1\" data-element_type=\"widget\" data-e-type=\"widget\" data-widget_type=\"text-editor.default\">\n\t\t\t\t\t\t\t\t\t<p>Dise\u00f1amos estructuras hechas de acero u otros materiales met\u00e1licos, para soportar y resistir cargas en diversas aplicaciones de construcci\u00f3n. Estas estructuras met\u00e1licas pueden incluir edificios, torres, plataformas industriales y otros tipos de infraestructuras.<\/p>\t\t\t\t\t\t\t\t<\/div>\n\t\t\t\t<\/div>\n\t\t<div class=\"elementor-element elementor-element-d8c4d69 e-con-full e-flex e-con e-child\" data-id=\"d8c4d69\" data-element_type=\"container\" data-e-type=\"container\">\n\t\t\t\t<div class=\"elementor-element elementor-element-f470468 elementor-widget__width-initial elementor-widget elementor-widget-image\" data-id=\"f470468\" data-element_type=\"widget\" data-e-type=\"widget\" data-widget_type=\"image.default\">\n\t\t\t\t\t\t\t\t\t\t\t\t\t\t\t<img fetchpriority=\"high\" decoding=\"async\" width=\"1600\" height=\"1200\" src=\"https:\/\/ingenieriasostenible.co\/wp-content\/uploads\/2024\/05\/Imagen-de-WhatsApp-2024-04-01-a-las-19.55.04_508add59.jpg\" class=\"attachment-full size-full wp-image-1290\" alt=\"\" srcset=\"https:\/\/ingenieriasostenible.co\/wp-content\/uploads\/2024\/05\/Imagen-de-WhatsApp-2024-04-01-a-las-19.55.04_508add59.jpg 1600w, https:\/\/ingenieriasostenible.co\/wp-content\/uploads\/2024\/05\/Imagen-de-WhatsApp-2024-04-01-a-las-19.55.04_508add59-300x225.jpg 300w, https:\/\/ingenieriasostenible.co\/wp-content\/uploads\/2024\/05\/Imagen-de-WhatsApp-2024-04-01-a-las-19.55.04_508add59-1024x768.jpg 1024w, https:\/\/ingenieriasostenible.co\/wp-content\/uploads\/2024\/05\/Imagen-de-WhatsApp-2024-04-01-a-las-19.55.04_508add59-768x576.jpg 768w, https:\/\/ingenieriasostenible.co\/wp-content\/uploads\/2024\/05\/Imagen-de-WhatsApp-2024-04-01-a-las-19.55.04_508add59-1536x1152.jpg 1536w\" sizes=\"(max-width: 1600px) 100vw, 1600px\" \/>\t\t\t\t\t\t\t\t\t\t\t\t\t\t\t<\/div>\n\t\t\t\t<\/div>\n\t\t\t\t\t<\/div>\n\t\t\t\t<\/div>\n\t\t<div class=\"elementor-element elementor-element-b87cd39 e-flex e-con-boxed e-con e-parent\" data-id=\"b87cd39\" data-element_type=\"container\" data-e-type=\"container\">\n\t\t\t\t\t<div class=\"e-con-inner\">\n\t\t<div class=\"elementor-element elementor-element-f1b1d39 e-con-full e-flex e-con e-child\" data-id=\"f1b1d39\" data-element_type=\"container\" data-e-type=\"container\">\n\t\t\t\t<div class=\"elementor-element elementor-element-b9bc59e elementor-widget__width-initial elementor-widget elementor-widget-image\" data-id=\"b9bc59e\" data-element_type=\"widget\" data-e-type=\"widget\" data-widget_type=\"image.default\">\n\t\t\t\t\t\t\t\t\t\t\t\t\t\t\t<img decoding=\"async\" width=\"467\" height=\"327\" src=\"https:\/\/ingenieriasostenible.co\/wp-content\/uploads\/2024\/05\/C1.png\" class=\"attachment-full size-full wp-image-1300\" alt=\"\" srcset=\"https:\/\/ingenieriasostenible.co\/wp-content\/uploads\/2024\/05\/C1.png 467w, https:\/\/ingenieriasostenible.co\/wp-content\/uploads\/2024\/05\/C1-300x210.png 300w\" sizes=\"(max-width: 467px) 100vw, 467px\" \/>\t\t\t\t\t\t\t\t\t\t\t\t\t\t\t<\/div>\n\t\t\t\t<\/div>\n\t\t<div class=\"elementor-element elementor-element-ba7ad1e e-con-full e-flex e-con e-child\" data-id=\"ba7ad1e\" data-element_type=\"container\" data-e-type=\"container\">\n\t\t\t\t<div class=\"elementor-element elementor-element-8031230 elementor-widget elementor-widget-heading\" data-id=\"8031230\" data-element_type=\"widget\" data-e-type=\"widget\" data-widget_type=\"heading.default\">\n\t\t\t\t\t<h2 class=\"elementor-heading-title elementor-size-default\">Dise\u00f1o de obras civiles<\/h2>\t\t\t\t<\/div>\n\t\t\t\t<div class=\"elementor-element elementor-element-9a41a74 elementor-widget elementor-widget-text-editor\" data-id=\"9a41a74\" data-element_type=\"widget\" data-e-type=\"widget\" data-widget_type=\"text-editor.default\">\n\t\t\t\t\t\t\t\t\t<p>Ofrecemos servicio especializado que abarca la planificaci\u00f3n, dise\u00f1o y desarrollo de proyectos de infraestructura y construcci\u00f3n. Este servicio se enfoca en la creaci\u00f3n de soluciones t\u00e9cnicas y funcionales para obras civiles.<\/p>\t\t\t\t\t\t\t\t<\/div>\n\t\t\t\t<\/div>\n\t\t\t\t\t<\/div>\n\t\t\t\t<\/div>\n\t\t<div class=\"elementor-element elementor-element-c0936f1 e-flex e-con-boxed e-con e-parent\" data-id=\"c0936f1\" data-element_type=\"container\" data-e-type=\"container\">\n\t\t\t\t\t<div class=\"e-con-inner\">\n\t\t<div class=\"elementor-element elementor-element-5379b48 e-con-full e-flex e-con e-child\" data-id=\"5379b48\" data-element_type=\"container\" data-e-type=\"container\">\n\t\t\t\t<div class=\"elementor-element elementor-element-c8a746b elementor-widget elementor-widget-heading\" data-id=\"c8a746b\" data-element_type=\"widget\" data-e-type=\"widget\" data-widget_type=\"heading.default\">\n\t\t\t\t\t<h2 class=\"elementor-heading-title elementor-size-default\">Dise\u00f1o de sistemas de filtros y drenajes<\/h2>\t\t\t\t<\/div>\n\t\t\t\t<div class=\"elementor-element elementor-element-dc93228 elementor-widget elementor-widget-text-editor\" data-id=\"dc93228\" data-element_type=\"widget\" data-e-type=\"widget\" data-widget_type=\"text-editor.default\">\n\t\t\t\t\t\t\t\t\t<p>Dise\u00f1amos sistemas de filtros y drenajes que permitan el control y la gesti\u00f3n adecuada del agua, tanto en entornos urbanos como en \u00e1reas industriales, agr\u00edcolas o de construcci\u00f3n. Estos sistemas se utilizan para filtrar, recolectar, almacenar y drenar el agua de manera eficiente y sostenible.<\/p>\t\t\t\t\t\t\t\t<\/div>\n\t\t\t\t<\/div>\n\t\t<div class=\"elementor-element elementor-element-44bc06a e-con-full e-flex e-con e-child\" data-id=\"44bc06a\" data-element_type=\"container\" data-e-type=\"container\">\n\t\t\t\t<div class=\"elementor-element elementor-element-2c94176 elementor-widget__width-initial elementor-widget elementor-widget-image\" data-id=\"2c94176\" data-element_type=\"widget\" data-e-type=\"widget\" data-widget_type=\"image.default\">\n\t\t\t\t\t\t\t\t\t\t\t\t\t\t\t<img decoding=\"async\" width=\"336\" height=\"221\" src=\"https:\/\/ingenieriasostenible.co\/wp-content\/uploads\/2024\/05\/C4.png\" class=\"attachment-full size-full wp-image-1296\" alt=\"\" srcset=\"https:\/\/ingenieriasostenible.co\/wp-content\/uploads\/2024\/05\/C4.png 336w, https:\/\/ingenieriasostenible.co\/wp-content\/uploads\/2024\/05\/C4-300x197.png 300w\" sizes=\"(max-width: 336px) 100vw, 336px\" \/>\t\t\t\t\t\t\t\t\t\t\t\t\t\t\t<\/div>\n\t\t\t\t<\/div>\n\t\t\t\t\t<\/div>\n\t\t\t\t<\/div>\n\t\t<div class=\"elementor-element elementor-element-a57a5f5 e-flex e-con-boxed e-con e-parent\" data-id=\"a57a5f5\" data-element_type=\"container\" data-e-type=\"container\">\n\t\t\t\t\t<div class=\"e-con-inner\">\n\t\t<div class=\"elementor-element elementor-element-f578563 e-con-full e-flex e-con e-child\" data-id=\"f578563\" data-element_type=\"container\" data-e-type=\"container\">\n\t\t\t\t<div class=\"elementor-element elementor-element-fdd83d5 elementor-widget__width-initial elementor-widget elementor-widget-image\" data-id=\"fdd83d5\" data-element_type=\"widget\" data-e-type=\"widget\" data-widget_type=\"image.default\">\n\t\t\t\t\t\t\t\t\t\t\t\t\t\t\t<img loading=\"lazy\" decoding=\"async\" width=\"523\" height=\"363\" src=\"https:\/\/ingenieriasostenible.co\/wp-content\/uploads\/2024\/05\/C2.png\" class=\"attachment-full size-full wp-image-1299\" alt=\"\" srcset=\"https:\/\/ingenieriasostenible.co\/wp-content\/uploads\/2024\/05\/C2.png 523w, https:\/\/ingenieriasostenible.co\/wp-content\/uploads\/2024\/05\/C2-300x208.png 300w\" sizes=\"(max-width: 523px) 100vw, 523px\" \/>\t\t\t\t\t\t\t\t\t\t\t\t\t\t\t<\/div>\n\t\t\t\t<\/div>\n\t\t<div class=\"elementor-element elementor-element-4051969 e-con-full e-flex e-con e-child\" data-id=\"4051969\" data-element_type=\"container\" data-e-type=\"container\">\n\t\t\t\t<div class=\"elementor-element elementor-element-40c6a5f elementor-widget elementor-widget-heading\" data-id=\"40c6a5f\" data-element_type=\"widget\" data-e-type=\"widget\" data-widget_type=\"heading.default\">\n\t\t\t\t\t<h2 class=\"elementor-heading-title elementor-size-default\">Dise\u00f1o geom\u00e9trico de v\u00edas <\/h2>\t\t\t\t<\/div>\n\t\t\t\t<div class=\"elementor-element elementor-element-679082c elementor-widget elementor-widget-text-editor\" data-id=\"679082c\" data-element_type=\"widget\" data-e-type=\"widget\" data-widget_type=\"text-editor.default\">\n\t\t\t\t\t\t\t\t\t<p>Planificamos y dise\u00f1amos la geometr\u00eda de una v\u00eda, incluyendo su trazado, perfiles, secciones transversales y elementos de seguridad.<\/p>\t\t\t\t\t\t\t\t<\/div>\n\t\t\t\t<\/div>\n\t\t\t\t\t<\/div>\n\t\t\t\t<\/div>\n\t\t<div class=\"elementor-element elementor-element-1c60d07 e-flex e-con-boxed e-con e-parent\" data-id=\"1c60d07\" data-element_type=\"container\" data-e-type=\"container\">\n\t\t\t\t\t<div class=\"e-con-inner\">\n\t\t<div class=\"elementor-element elementor-element-15ef470 e-con-full e-flex e-con e-child\" data-id=\"15ef470\" data-element_type=\"container\" data-e-type=\"container\">\n\t\t\t\t<div class=\"elementor-element elementor-element-a7b2e95 elementor-widget elementor-widget-heading\" data-id=\"a7b2e95\" data-element_type=\"widget\" data-e-type=\"widget\" data-widget_type=\"heading.default\">\n\t\t\t\t\t<h2 class=\"elementor-heading-title elementor-size-default\">Dise\u00f1os hidr\u00e1ulicos y sanitarios<\/h2>\t\t\t\t<\/div>\n\t\t\t\t<div class=\"elementor-element elementor-element-430275e elementor-widget elementor-widget-text-editor\" data-id=\"430275e\" data-element_type=\"widget\" data-e-type=\"widget\" data-widget_type=\"text-editor.default\">\n\t\t\t\t\t\t\t\t\t<p>Planificamos y dise\u00f1amos sistemas de agua potable, alcantarillado y drenaje pluvial. Considerando aspectos como la captaci\u00f3n, tratamiento y distribuci\u00f3n. En el componente hidr\u00e1ulico nos encargamos de calcular las demandas de agua, dise\u00f1ar redes de distribuci\u00f3n, dimensionar equipos de bombeo y establecer sistemas de almacenamiento adecuados, mientras que en el sanitario nos enfocamos en el manejo adecuado de aguas residuales y pluviales, dise\u00f1ando sistemas de alcantarillado y tratamiento de aguas residuales.<\/p>\t\t\t\t\t\t\t\t<\/div>\n\t\t\t\t<\/div>\n\t\t<div class=\"elementor-element elementor-element-225ea58 e-con-full e-flex e-con e-child\" data-id=\"225ea58\" data-element_type=\"container\" data-e-type=\"container\">\n\t\t\t\t<div class=\"elementor-element elementor-element-42d7e7d elementor-widget__width-initial elementor-widget elementor-widget-image\" data-id=\"42d7e7d\" data-element_type=\"widget\" data-e-type=\"widget\" data-widget_type=\"image.default\">\n\t\t\t\t\t\t\t\t\t\t\t\t\t\t\t<img loading=\"lazy\" decoding=\"async\" width=\"449\" height=\"357\" src=\"https:\/\/ingenieriasostenible.co\/wp-content\/uploads\/2024\/05\/C5.png\" class=\"attachment-full size-full wp-image-1295\" alt=\"\" srcset=\"https:\/\/ingenieriasostenible.co\/wp-content\/uploads\/2024\/05\/C5.png 449w, https:\/\/ingenieriasostenible.co\/wp-content\/uploads\/2024\/05\/C5-300x239.png 300w\" sizes=\"(max-width: 449px) 100vw, 449px\" \/>\t\t\t\t\t\t\t\t\t\t\t\t\t\t\t<\/div>\n\t\t\t\t<\/div>\n\t\t\t\t\t<\/div>\n\t\t\t\t<\/div>\n\t\t<div class=\"elementor-element elementor-element-2d92604 e-flex e-con-boxed e-con e-parent\" data-id=\"2d92604\" data-element_type=\"container\" data-e-type=\"container\">\n\t\t\t\t\t<div class=\"e-con-inner\">\n\t\t<div class=\"elementor-element elementor-element-a85e156 e-con-full e-flex e-con e-child\" data-id=\"a85e156\" data-element_type=\"container\" data-e-type=\"container\">\n\t\t\t\t<div class=\"elementor-element elementor-element-d70554a elementor-widget__width-initial elementor-widget elementor-widget-image\" data-id=\"d70554a\" data-element_type=\"widget\" data-e-type=\"widget\" data-widget_type=\"image.default\">\n\t\t\t\t\t\t\t\t\t\t\t\t\t\t\t<img loading=\"lazy\" decoding=\"async\" width=\"475\" height=\"313\" src=\"https:\/\/ingenieriasostenible.co\/wp-content\/uploads\/2024\/05\/C3.png\" class=\"attachment-full size-full wp-image-1298\" alt=\"\" srcset=\"https:\/\/ingenieriasostenible.co\/wp-content\/uploads\/2024\/05\/C3.png 475w, https:\/\/ingenieriasostenible.co\/wp-content\/uploads\/2024\/05\/C3-300x198.png 300w\" sizes=\"(max-width: 475px) 100vw, 475px\" \/>\t\t\t\t\t\t\t\t\t\t\t\t\t\t\t<\/div>\n\t\t\t\t<\/div>\n\t\t<div class=\"elementor-element elementor-element-011126f e-con-full e-flex e-con e-child\" data-id=\"011126f\" data-element_type=\"container\" data-e-type=\"container\">\n\t\t\t\t<div class=\"elementor-element elementor-element-8b9812b elementor-widget elementor-widget-heading\" data-id=\"8b9812b\" data-element_type=\"widget\" data-e-type=\"widget\" data-widget_type=\"heading.default\">\n\t\t\t\t\t<h2 class=\"elementor-heading-title elementor-size-default\">Dise\u00f1o de plantas de tratamiento de agua potable y residual<\/h2>\t\t\t\t<\/div>\n\t\t\t\t<div class=\"elementor-element elementor-element-acada84 elementor-widget elementor-widget-text-editor\" data-id=\"acada84\" data-element_type=\"widget\" data-e-type=\"widget\" data-widget_type=\"text-editor.default\">\n\t\t\t\t\t\t\t\t\t<p>Planificamos y dise\u00f1amos las instalaciones destinadas al tratamiento del agua, tanto para su potabilizaci\u00f3n como para el tratamiento de aguas residuales.<\/p>\t\t\t\t\t\t\t\t<\/div>\n\t\t\t\t<\/div>\n\t\t\t\t\t<\/div>\n\t\t\t\t<\/div>\n\t\t<div class=\"elementor-element elementor-element-f52a1b3 e-flex e-con-boxed e-con e-parent\" data-id=\"f52a1b3\" data-element_type=\"container\" data-e-type=\"container\">\n\t\t\t\t\t<div class=\"e-con-inner\">\n\t\t<div class=\"elementor-element elementor-element-3e60298 e-con-full e-flex e-con e-child\" data-id=\"3e60298\" data-element_type=\"container\" data-e-type=\"container\">\n\t\t\t\t<div class=\"elementor-element elementor-element-e095365 elementor-widget elementor-widget-heading\" data-id=\"e095365\" data-element_type=\"widget\" data-e-type=\"widget\" data-widget_type=\"heading.default\">\n\t\t\t\t\t<h2 class=\"elementor-heading-title elementor-size-default\">Dise\u00f1o estructural y arquitect\u00f3nico<\/h2>\t\t\t\t<\/div>\n\t\t\t\t<div class=\"elementor-element elementor-element-01527bb elementor-widget elementor-widget-text-editor\" data-id=\"01527bb\" data-element_type=\"widget\" data-e-type=\"widget\" data-widget_type=\"text-editor.default\">\n\t\t\t\t\t\t\t\t\t<p>Dise\u00f1amos y dirigimos la construcci\u00f3n o el mantenimiento de edificios, urbanizaciones y estructuras urban\u00edsticas, con el objetivo de crear espacios acogedores, funcionales y sostenibles con ideas innovadoras y creativas que mejoren la calidad de vida de las personas que los utilizan o habitan.<\/p>\t\t\t\t\t\t\t\t<\/div>\n\t\t\t\t<\/div>\n\t\t<div class=\"elementor-element elementor-element-89f65ad e-con-full e-flex e-con e-child\" data-id=\"89f65ad\" data-element_type=\"container\" data-e-type=\"container\">\n\t\t\t\t<div class=\"elementor-element elementor-element-3db0c56 elementor-widget__width-initial elementor-widget elementor-widget-image\" data-id=\"3db0c56\" data-element_type=\"widget\" data-e-type=\"widget\" data-widget_type=\"image.default\">\n\t\t\t\t\t\t\t\t\t\t\t\t\t\t\t<img loading=\"lazy\" decoding=\"async\" width=\"439\" height=\"381\" src=\"https:\/\/ingenieriasostenible.co\/wp-content\/uploads\/2024\/05\/C6.png\" class=\"attachment-full size-full wp-image-1301\" alt=\"\" srcset=\"https:\/\/ingenieriasostenible.co\/wp-content\/uploads\/2024\/05\/C6.png 439w, https:\/\/ingenieriasostenible.co\/wp-content\/uploads\/2024\/05\/C6-300x260.png 300w\" sizes=\"(max-width: 439px) 100vw, 439px\" \/>\t\t\t\t\t\t\t\t\t\t\t\t\t\t\t<\/div>\n\t\t\t\t<\/div>\n\t\t\t\t\t<\/div>\n\t\t\t\t<\/div>\n\t\t<div class=\"elementor-element elementor-element-d37ea99 e-flex e-con-boxed e-con e-parent\" data-id=\"d37ea99\" data-element_type=\"container\" data-e-type=\"container\">\n\t\t\t\t\t<div class=\"e-con-inner\">\n\t\t<div class=\"elementor-element elementor-element-c120628 e-con-full e-flex e-con e-child\" data-id=\"c120628\" data-element_type=\"container\" data-e-type=\"container\">\n\t\t\t\t<div class=\"elementor-element elementor-element-065147d elementor-widget__width-initial elementor-widget elementor-widget-image\" data-id=\"065147d\" data-element_type=\"widget\" data-e-type=\"widget\" data-widget_type=\"image.default\">\n\t\t\t\t\t\t\t\t\t\t\t\t\t\t\t<img loading=\"lazy\" decoding=\"async\" width=\"443\" height=\"401\" src=\"https:\/\/ingenieriasostenible.co\/wp-content\/uploads\/2024\/05\/C7.png\" class=\"attachment-full size-full wp-image-1297\" alt=\"\" srcset=\"https:\/\/ingenieriasostenible.co\/wp-content\/uploads\/2024\/05\/C7.png 443w, https:\/\/ingenieriasostenible.co\/wp-content\/uploads\/2024\/05\/C7-300x272.png 300w\" sizes=\"(max-width: 443px) 100vw, 443px\" \/>\t\t\t\t\t\t\t\t\t\t\t\t\t\t\t<\/div>\n\t\t\t\t<\/div>\n\t\t<div class=\"elementor-element elementor-element-2b3a3c8 e-con-full e-flex e-con e-child\" data-id=\"2b3a3c8\" data-element_type=\"container\" data-e-type=\"container\">\n\t\t\t\t<div class=\"elementor-element elementor-element-a99420a elementor-widget elementor-widget-heading\" data-id=\"a99420a\" data-element_type=\"widget\" data-e-type=\"widget\" data-widget_type=\"heading.default\">\n\t\t\t\t\t<h2 class=\"elementor-heading-title elementor-size-default\">Estudios topogr\u00e1ficos Y geot\u00e9cnicos<\/h2>\t\t\t\t<\/div>\n\t\t\t\t<div class=\"elementor-element elementor-element-2a02df5 elementor-widget elementor-widget-text-editor\" data-id=\"2a02df5\" data-element_type=\"widget\" data-e-type=\"widget\" data-widget_type=\"text-editor.default\">\n\t\t\t\t\t\t\t\t\t<p>Realizamos estudios topogr\u00e1ficos que se centran en medir y mapear las caracter\u00edsticas f\u00edsicas de un terreno, incluye la identificaci\u00f3n y ubicaci\u00f3n precisa de puntos de referencia, la determinaci\u00f3n de la elevaci\u00f3n del terreno, la creaci\u00f3n de modelos digitales del terreno y la generaci\u00f3n de planos topogr\u00e1ficos, de igual manera los estudios geot\u00e9cnicos se enfocan en investigar las propiedades f\u00edsicas y mec\u00e1nicas del suelo.<\/p>\t\t\t\t\t\t\t\t<\/div>\n\t\t\t\t<\/div>\n\t\t\t\t\t<\/div>\n\t\t\t\t<\/div>\n\t\t<div class=\"elementor-element elementor-element-aab9fe7 e-flex e-con-boxed e-con e-parent\" data-id=\"aab9fe7\" data-element_type=\"container\" data-e-type=\"container\">\n\t\t\t\t\t<div class=\"e-con-inner\">\n\t\t\t\t<div class=\"elementor-element elementor-element-b8dbd90 elementor-align-center elementor-widget elementor-widget-button\" data-id=\"b8dbd90\" data-element_type=\"widget\" data-e-type=\"widget\" data-widget_type=\"button.default\">\n\t\t\t\t\t\t\t\t\t\t<a class=\"elementor-button elementor-button-link elementor-size-md\" href=\"https:\/\/ingenieriasostenible.co\/index.php\/servicios\/\">\n\t\t\t\t\t\t<span class=\"elementor-button-content-wrapper\">\n\t\t\t\t\t\t<span class=\"elementor-button-icon\">\n\t\t\t\t<svg aria-hidden=\"true\" class=\"e-font-icon-svg e-fas-arrow-right\" viewBox=\"0 0 448 512\" xmlns=\"http:\/\/www.w3.org\/2000\/svg\"><path d=\"M190.5 66.9l22.2-22.2c9.4-9.4 24.6-9.4 33.9 0L441 239c9.4 9.4 9.4 24.6 0 33.9L246.6 467.3c-9.4 9.4-24.6 9.4-33.9 0l-22.2-22.2c-9.5-9.5-9.3-25 .4-34.3L311.4 296H24c-13.3 0-24-10.7-24-24v-32c0-13.3 10.7-24 24-24h287.4L190.9 101.2c-9.8-9.3-10-24.8-.4-34.3z\"><\/path><\/svg>\t\t\t<\/span>\n\t\t\t\t\t\t\t\t\t<span class=\"elementor-button-text\">M\u00e1s Servicios<\/span>\n\t\t\t\t\t<\/span>\n\t\t\t\t\t<\/a>\n\t\t\t\t\t\t\t\t<\/div>\n\t\t\t\t<div class=\"elementor-element elementor-element-a528056 elementor-widget elementor-widget-text-editor\" data-id=\"a528056\" data-element_type=\"widget\" data-e-type=\"widget\" data-widget_type=\"text-editor.default\">\n\t\t\t\t\t\t\t\t\t<p>Bogot\u00e1 Medell\u00edn Cali Santa Marta\u00a0 C\u00facuta Bucaramanga Cali Tunja Cajic\u00e1 Cota Ibagu\u00e9 Neiba Huila Tolima Antioquia Cundinamarca Santander Bol\u00edvar Atl\u00e1ntico Barranquilla Colombia\u00a0<\/p>\t\t\t\t\t\t\t\t<\/div>\n\t\t\t\t\t<\/div>\n\t\t\t\t<\/div>\n\t\t\t\t<\/div>\n\t\t","protected":false},"excerpt":{"rendered":"<p>Servicios Civiles Proporcionamos a nuestros clientes servicios especializados y asesor\u00eda, brindando alternativas para el desarrollo de soluciones en el \u00e1rea de ingenier\u00eda civil, desde la ingenier\u00eda b\u00e1sica hasta la puesta en servicio. Nuestro objetivo es garantizar que nuestros clientes obtengan soluciones eficientes y confiables. Dise\u00f1o de estructuras met\u00e1licas Dise\u00f1amos estructuras hechas de acero u otros [&hellip;]<\/p>\n","protected":false},"author":4,"featured_media":0,"parent":0,"menu_order":0,"comment_status":"closed","ping_status":"closed","template":"elementor_header_footer","meta":{"_joinchat":[],"footnotes":""},"class_list":["post-294","page","type-page","status-publish","hentry"],"_links":{"self":[{"href":"https:\/\/ingenieriasostenible.co\/index.php\/wp-json\/wp\/v2\/pages\/294","targetHints":{"allow":["GET"]}}],"collection":[{"href":"https:\/\/ingenieriasostenible.co\/index.php\/wp-json\/wp\/v2\/pages"}],"about":[{"href":"https:\/\/ingenieriasostenible.co\/index.php\/wp-json\/wp\/v2\/types\/page"}],"author":[{"embeddable":true,"href":"https:\/\/ingenieriasostenible.co\/index.php\/wp-json\/wp\/v2\/users\/4"}],"replies":[{"embeddable":true,"href":"https:\/\/ingenieriasostenible.co\/index.php\/wp-json\/wp\/v2\/comments?post=294"}],"version-history":[{"count":40,"href":"https:\/\/ingenieriasostenible.co\/index.php\/wp-json\/wp\/v2\/pages\/294\/revisions"}],"predecessor-version":[{"id":1304,"href":"https:\/\/ingenieriasostenible.co\/index.php\/wp-json\/wp\/v2\/pages\/294\/revisions\/1304"}],"wp:attachment":[{"href":"https:\/\/ingenieriasostenible.co\/index.php\/wp-json\/wp\/v2\/media?parent=294"}],"curies":[{"name":"wp","href":"https:\/\/api.w.org\/{rel}","templated":true}]}}